{"id":12306,"date":"2017-07-20T11:00:10","date_gmt":"2017-07-20T09:00:10","guid":{"rendered":"http:\/\/www.rigaiff.lv\/2017\/?page_id=12306"},"modified":"2017-09-04T12:42:45","modified_gmt":"2017-09-04T10:42:45","slug":"ka-tikt-ieksa","status":"publish","type":"page","link":"https:\/\/2017.rigaiff.lv\/en\/ka-tikt-ieksa\/","title":{"rendered":"K\u0100 TIKT IEK\u0160\u0100?"},"content":{"rendered":"","protected":false},"excerpt":{"rendered":"","protected":false},"author":1,"featured_media":0,"parent":0,"menu_order":2,"comment_status":"closed","ping_status":"closed","template":"earlybird.php","meta":{"footnotes":""},"_links":{"self":[{"href":"https:\/\/2017.rigaiff.lv\/en\/wp-json\/wp\/v2\/pages\/12306"}],"collection":[{"href":"https:\/\/2017.rigaiff.lv\/en\/wp-json\/wp\/v2\/pages"}],"about":[{"href":"https:\/\/2017.rigaiff.lv\/en\/wp-json\/wp\/v2\/types\/page"}],"author":[{"embeddable":true,"href":"https:\/\/2017.rigaiff.lv\/en\/wp-json\/wp\/v2\/users\/1"}],"replies":[{"embeddable":true,"href":"https:\/\/2017.rigaiff.lv\/en\/wp-json\/wp\/v2\/comments?post=12306"}],"version-history":[{"count":57,"href":"https:\/\/2017.rigaiff.lv\/en\/wp-json\/wp\/v2\/pages\/12306\/revisions"}],"predecessor-version":[{"id":14180,"href":"https:\/\/2017.rigaiff.lv\/en\/wp-json\/wp\/v2\/pages\/12306\/revisions\/14180"}],"wp:attachment":[{"href":"https:\/\/2017.rigaiff.lv\/en\/wp-json\/wp\/v2\/media?parent=12306"}],"curies":[{"name":"wp","href":"https:\/\/api.w.org\/{rel}","templated":true}]}}