{"id":13766,"date":"2017-08-28T12:04:08","date_gmt":"2017-08-28T10:04:08","guid":{"rendered":"http:\/\/www.rigaiff.lv\/2017\/?page_id=13766"},"modified":"2017-08-28T12:13:32","modified_gmt":"2017-08-28T10:13:32","slug":"rigas-starptautiska-kino-festivala-riga-iff-akreditacijas-nosacijumi","status":"publish","type":"page","link":"https:\/\/2017.rigaiff.lv\/lv\/ka-tikt-ieksa\/rigas-starptautiska-kino-festivala-riga-iff-akreditacijas-nosacijumi\/","title":{"rendered":"R\u012bgas Starptautisk\u0101 Kino Festiv\u0101la (RIGA IFF) akredit\u0101cijas nosac\u012bjumi"},"content":{"rendered":"<p>\u0160ie nosac\u012bjumu attiecas uz katru, kur\u0161 ir akredit\u0113ts R\u012bgas Starptautiskajam Kino festiv\u0101lam, un, ja esat akredit\u0113ts, J\u016bsu pien\u0101kums ir ar tiem iepaz\u012bties.<\/p>\n<ul>\n<li>AKREDIT\u0100CIJAS KARTI var\u0113s sa\u0146emt RIGA IFF info centr\u0101 kinote\u0101tr\u012b SPLENDID PALACE, s\u0101kot ar 7.septembri plkst. 12:00, l\u012bdzi \u0146emot personu apliecino\u0161u dokumentu. Aicin\u0101m iz\u0146emt karti p\u0113c iesp\u0113jas agr\u0101k pa dienu, lai j\u016bsu iek\u013c\u016b\u0161ana kino seansos netiktu apgr\u016btin\u0101ta, st\u0101vot gar\u0101s rind\u0101s pirms vakara filmu seansiem. Aicin\u0101m karti iz\u0146emt p\u0113c iesp\u0113jas agr\u0101k, lai j\u016bsu iek\u013c\u016b\u0161ana kino seansos netiktu apgr\u016btin\u0101ta, st\u0101vot gar\u0101s rind\u0101s pirms filmu seansiem.\n<ul>\n<li>Info centra darba laiks no 7.septembra darbadien\u0101s 12:00 &#8211; 22:00, br\u012bvdien\u0101s 10:00 &#8211; 22:00.<\/li>\n<\/ul>\n<\/li>\n<li>AKREDIT\u0100CIJAS KARTE b\u016bs J\u016bsu caurlaide kino festiv\u0101l\u0101, un ar to iesp\u0113jams apmekl\u0113t J\u016bsu izv\u0113l\u0113tos seansus, ja sekosiet l\u012bdzi \u0161iem kartes nosac\u012bjumiem un ieteikumiem. Uz katru seansu Jums ir iesp\u0113ja iz\u0146emt vienu bi\u013ceti.<\/li>\n<li>AKREDIT\u0100CIJAS KARTEI tiks pie\u0161\u0137irts unik\u0101ls ATLAI\u017dU KODS, kuru b\u016bs j\u0101izmanto, izv\u0113loties seansus.<\/li>\n<li>Lai pieteiktos uz seansiem, ko v\u0113laties apmekl\u0113t, Jums:\n<ul>\n<li>j\u0101dodas uz <a href=\"http:\/\/www.rigaiff.lv\">rigaiff.lv<\/a>;<\/li>\n<li>j\u0101izv\u0113las seanss\/-i ko v\u0113laties apmekl\u0113t;<\/li>\n<li>j\u0101spie\u017e PIRKT;<\/li>\n<li>j\u0101ievada J\u016bsu RIGA IFF KODS un j\u0101spie\u017e APSTIPRIN\u0100T;<\/li>\n<li>j\u0101pievieno grozam 1 bi\u013ceti;<\/li>\n<li>ja v\u0113laties izv\u0113l\u0113ties v\u0113l bi\u013cetes uz citiem seansiem (vien\u0101 reiz\u0113 iesp\u0113jams izv\u0113l\u0113ties vair\u0101kus seansus), tad j\u0101izv\u0113las n\u0101kamo v\u0113lamo seansu un atk\u0101rtoti j\u0101pievieno bi\u013cete grozam (iepriek\u0161 ievad\u012btais kods jau b\u016bs akt\u012bvs);<\/li>\n<li>kad esat izv\u0113l\u0113jies v\u0113lamos seansus, spiest APSTIPRIN\u0100T VISU;<\/li>\n<li>re\u0123istr\u0113\u0161an\u0101s nav oblig\u0101ta, bet, ja v\u0113laties pa\u0101trin\u0101t procesu n\u0101kamaj\u0101 reiz\u0113, Jums j\u0101piere\u0123istr\u0113jas, sist\u0113m\u0101 ievadot V\u0101rdu, Uzv\u0101rdu, e-pasta adresi;<\/li>\n<li>izv\u0113lieties pieg\u0101des veidu un spiest TURPIN\u0100T;<\/li>\n<li>p\u0101rskatiet izv\u0113l\u0113tos seansus un p\u0101rliecinieties, ka bi\u013ce\u0161u summa ir 0,00 \u20ac;<\/li>\n<li>spiest APMAKS\u0100T;<\/li>\n<li>seansu bi\u013cetes sa\u0146emsiet uz savu nor\u0101d\u012bto e-pasta adresi.<\/li>\n<\/ul>\n<\/li>\n<li>Pie ieejas za\u0304le\u0304 Jums lu\u0304gs uzra\u0304di\u0304t seansa bil\u0327eti un AKREDITA\u0304CIJAS karti, lai pa\u0304rliecina\u0304tos, ka bil\u0327eti izmanto kartes i\u0304pas\u030cnieks. Uz seansu ielaidi\u0304s tikai uzra\u0304dot gan bil\u0327eti, gan karti!<\/li>\n<li>Iesak\u0101m izv\u0113l\u0113ties seansus p\u0113c iesp\u0113jas laic\u012bg\u0101k , lai nenon\u0101ktu situ\u0101cij\u0101, kur\u0101 viss kar\u0161u \u012bpa\u0161niekiem rezerv\u0113tais bi\u013ce\u0161u daudzums seans\u0101 jau ir aizpild\u012bts. Akredit\u0101cijas kar\u0161u \u012bpa\u0161niekiem ir rezerv\u0113ts ierobe\u017eots skaits bi\u013ce\u0161u uz katru seansu, t\u0101p\u0113c Riga IFF negarant\u0113, ka bi\u013cetes vienm\u0113r b\u016bs pieejamas.<\/li>\n<li>Ja \u012bpa\u0161i kar\u0161u \u012bpa\u0161niekiem rezerv\u0113t\u0101s bi\u013cetes uz seansu b\u016bs beigu\u0161\u0101s, aicin\u0101sim j\u016bs izmantot alternat\u012bvu iesp\u0113ju iek\u013c\u016bt izv\u0113l\u0113taj\u0101 seans\u0101 &#8211; gaidot uz br\u012bvaj\u0101m viet\u0101m pie ieejas z\u0101l\u0113 pirms izv\u0113l\u0113t\u0101 seansa s\u0101kuma. \u0160aj\u0101 gad\u012bjum\u0101 b\u016bs j\u0101uzr\u0101da tikai akredit\u0101cijas karte.<\/li>\n<li>Karti nedr\u012bkst nodot lieto\u0161an\u0101 cit\u0101m person\u0101m.<\/li>\n<li>Kartes nozaud\u0113\u0161anas gad\u012bjum\u0101 l\u016bdzam v\u0113rsties Riga IFF INFO centr\u0101.<\/li>\n<li>Ar \u0161o karti var\u0113siet pieteikties apmekl\u0113t visus seansus, iz\u0146emot festiv\u0101la atkl\u0101\u0161anas seansu.<\/li>\n<\/ul>\n<p>Ja ir jaut\u0101jumi, sazin\u0101ties ar <a href=\"mailto:admissions@rigaiff.lv\">admissions@rigaiff.lv<\/a><\/p>","protected":false},"excerpt":{"rendered":"<p>\u0160ie nosac\u012bjumu attiecas uz katru, kur\u0161 ir akredit\u0113ts R\u012bgas Starptautiskajam Kino festiv\u0101lam, un, ja esat akredit\u0113ts, J\u016bsu pien\u0101kums ir ar tiem iepaz\u012bties. AKREDIT\u0100CIJAS KARTI var\u0113s sa\u0146emt RIGA IFF info centr\u0101 kinote\u0101tr\u012b SPLENDID PALACE, s\u0101kot ar 7.septembri plkst. 12:00, l\u012bdzi \u0146emot personu apliecino\u0161u dokumentu. Aicin\u0101m iz\u0146emt karti p\u0113c iesp\u0113jas agr\u0101k pa dienu, lai j\u016bsu iek\u013c\u016b\u0161ana kino seansos netiktu apgr\u016btin\u0101ta, st\u0101vot gar\u0101s rind\u0101s pirms vakara filmu seansiem. Aicin\u0101m karti iz\u0146emt p\u0113c iesp\u0113jas agr\u0101k, lai j\u016bsu iek\u013c\u016b\u0161ana kino seansos netiktu apgr\u016btin\u0101ta, st\u0101vot gar\u0101s rind\u0101s pirms filmu seansiem. Info centra darba laiks no 7.septembra darbadien\u0101s 12:00 &#8211; 22:00, br\u012bvdien\u0101s 10:00 &#8211; 22:00. AKREDIT\u0100CIJAS KARTE b\u016bs J\u016bsu caurlaide kino festiv\u0101l\u0101, un ar to iesp\u0113jams apmekl\u0113t J\u016bsu izv\u0113l\u0113tos seansus, ja sekosiet l\u012bdzi \u0161iem kartes nosac\u012bjumiem un ieteikumiem. Uz katru seansu Jums ir iesp\u0113ja iz\u0146emt vienu bi\u013ceti. AKREDIT\u0100CIJAS KARTEI tiks pie\u0161\u0137irts unik\u0101ls ATLAI\u017dU KODS, kuru b\u016bs j\u0101izmanto, izv\u0113loties seansus. Lai pieteiktos uz seansiem, ko v\u0113laties apmekl\u0113t, Jums: j\u0101dodas uz rigaiff.lv; j\u0101izv\u0113las seanss\/-i ko v\u0113laties apmekl\u0113t; j\u0101spie\u017e PIRKT; j\u0101ievada J\u016bsu RIGA IFF KODS un j\u0101spie\u017e APSTIPRIN\u0100T; j\u0101pievieno grozam 1 bi\u013ceti; ja v\u0113laties izv\u0113l\u0113ties v\u0113l bi\u013cetes uz citiem seansiem (vien\u0101 reiz\u0113 iesp\u0113jams izv\u0113l\u0113ties vair\u0101kus seansus), tad j\u0101izv\u0113las n\u0101kamo v\u0113lamo seansu un atk\u0101rtoti j\u0101pievieno bi\u013cete grozam (iepriek\u0161 ievad\u012btais kods jau b\u016bs akt\u012bvs); kad esat izv\u0113l\u0113jies v\u0113lamos seansus, spiest APSTIPRIN\u0100T VISU; re\u0123istr\u0113\u0161an\u0101s nav oblig\u0101ta, bet, ja v\u0113laties pa\u0101trin\u0101t procesu n\u0101kamaj\u0101 reiz\u0113, Jums j\u0101piere\u0123istr\u0113jas, sist\u0113m\u0101 ievadot V\u0101rdu, Uzv\u0101rdu, e-pasta adresi; izv\u0113lieties pieg\u0101des veidu un spiest TURPIN\u0100T; p\u0101rskatiet izv\u0113l\u0113tos seansus un p\u0101rliecinieties, ka bi\u013ce\u0161u summa ir 0,00 \u20ac; spiest APMAKS\u0100T; seansu bi\u013cetes sa\u0146emsiet uz savu nor\u0101d\u012bto e-pasta adresi. Pie ieejas za\u0304le\u0304 Jums lu\u0304gs uzra\u0304di\u0304t seansa bil\u0327eti un AKREDITA\u0304CIJAS karti, lai pa\u0304rliecina\u0304tos, ka bil\u0327eti izmanto kartes i\u0304pas\u030cnieks. Uz seansu ielaidi\u0304s tikai uzra\u0304dot gan bil\u0327eti, gan karti! Iesak\u0101m izv\u0113l\u0113ties seansus p\u0113c iesp\u0113jas laic\u012bg\u0101k , lai nenon\u0101ktu situ\u0101cij\u0101, kur\u0101 viss kar\u0161u \u012bpa\u0161niekiem rezerv\u0113tais bi\u013ce\u0161u daudzums seans\u0101 jau ir aizpild\u012bts. Akredit\u0101cijas kar\u0161u \u012bpa\u0161niekiem ir rezerv\u0113ts ierobe\u017eots skaits bi\u013ce\u0161u uz katru seansu, t\u0101p\u0113c Riga IFF negarant\u0113, ka bi\u013cetes vienm\u0113r b\u016bs pieejamas. Ja \u012bpa\u0161i kar\u0161u \u012bpa\u0161niekiem rezerv\u0113t\u0101s bi\u013cetes uz seansu b\u016bs beigu\u0161\u0101s, aicin\u0101sim j\u016bs izmantot alternat\u012bvu iesp\u0113ju iek\u013c\u016bt izv\u0113l\u0113taj\u0101 seans\u0101 &#8211; gaidot uz br\u012bvaj\u0101m viet\u0101m pie ieejas z\u0101l\u0113 pirms izv\u0113l\u0113t\u0101 seansa s\u0101kuma. \u0160aj\u0101 gad\u012bjum\u0101 b\u016bs j\u0101uzr\u0101da tikai akredit\u0101cijas karte. Karti nedr\u012bkst nodot lieto\u0161an\u0101 cit\u0101m person\u0101m. Kartes nozaud\u0113\u0161anas gad\u012bjum\u0101 l\u016bdzam v\u0113rsties Riga IFF INFO centr\u0101. Ar \u0161o karti var\u0113siet pieteikties apmekl\u0113t visus seansus, iz\u0146emot festiv\u0101la atkl\u0101\u0161anas seansu. Ja ir jaut\u0101jumi, sazin\u0101ties ar admissions@rigaiff.lv<\/p>\n","protected":false},"author":1,"featured_media":0,"parent":12306,"menu_order":0,"comment_status":"closed","ping_status":"closed","template":"kartlietnot.php","meta":{"footnotes":""},"_links":{"self":[{"href":"https:\/\/2017.rigaiff.lv\/lv\/wp-json\/wp\/v2\/pages\/13766"}],"collection":[{"href":"https:\/\/2017.rigaiff.lv\/lv\/wp-json\/wp\/v2\/pages"}],"about":[{"href":"https:\/\/2017.rigaiff.lv\/lv\/wp-json\/wp\/v2\/types\/page"}],"author":[{"embeddable":true,"href":"https:\/\/2017.rigaiff.lv\/lv\/wp-json\/wp\/v2\/users\/1"}],"replies":[{"embeddable":true,"href":"https:\/\/2017.rigaiff.lv\/lv\/wp-json\/wp\/v2\/comments?post=13766"}],"version-history":[{"count":2,"href":"https:\/\/2017.rigaiff.lv\/lv\/wp-json\/wp\/v2\/pages\/13766\/revisions"}],"predecessor-version":[{"id":13769,"href":"https:\/\/2017.rigaiff.lv\/lv\/wp-json\/wp\/v2\/pages\/13766\/revisions\/13769"}],"up":[{"embeddable":true,"href":"https:\/\/2017.rigaiff.lv\/lv\/wp-json\/wp\/v2\/pages\/12306"}],"wp:attachment":[{"href":"https:\/\/2017.rigaiff.lv\/lv\/wp-json\/wp\/v2\/media?parent=13766"}],"curies":[{"name":"wp","href":"https:\/\/api.w.org\/{rel}","templated":true}]}}